{"id":233,"date":"2026-03-06T21:55:21","date_gmt":"2026-03-06T20:55:21","guid":{"rendered":"https:\/\/www.pierremenet.fr\/index.php\/silverstorm\/"},"modified":"2026-03-22T16:09:58","modified_gmt":"2026-03-22T15:09:58","slug":"silverstorm","status":"publish","type":"page","link":"https:\/\/www.pierremenet.fr\/","title":{"rendered":"Front Page"},"content":{"rendered":"<div data-colibri-id=\"233-c1\" class=\"style-182 style-local-233-c1 position-relative\">\n  <!---->\n  <div data-colibri-component=\"section\" data-colibri-id=\"233-c59\" id=\"cta\" class=\"h-section h-section-global-spacing d-flex align-items-lg-center align-items-md-center align-items-center style-231 style-local-233-c59 position-relative\">\n    <!---->\n    <!---->\n    <div class=\"h-section-grid-container h-section-boxed-container\">\n      <!---->\n      <div data-colibri-id=\"233-c60\" class=\"h-row-container gutters-row-lg-2 gutters-row-md-2 gutters-row-0 gutters-row-v-lg-2 gutters-row-v-md-2 gutters-row-v-2 style-232 style-local-233-c60 position-relative\">\n        <!---->\n        <div class=\"h-row justify-content-lg-center justify-content-md-center justify-content-center align-items-lg-stretch align-items-md-stretch align-items-stretch gutters-col-lg-2 gutters-col-md-2 gutters-col-0 gutters-col-v-lg-2 gutters-col-v-md-2 gutters-col-v-2\">\n          <!---->\n          <div class=\"h-column h-column-container d-flex h-col-lg-auto h-col-md-auto h-col-auto style-233-outer style-local-233-c61-outer\">\n            <div data-colibri-id=\"233-c61\" class=\"d-flex h-flex-basis h-column__inner h-px-lg-0 h-px-md-0 h-px-2 v-inner-lg-0 v-inner-md-0 v-inner-2 style-233 style-local-233-c61 position-relative\">\n              <!---->\n              <!---->\n              <div class=\"w-100 h-y-container h-column__content h-column__v-align flex-basis-100 align-self-lg-center align-self-md-center align-self-center\">\n                <!---->\n                <div data-colibri-id=\"233-c62\" class=\"h-global-transition-all h-heading style-234 style-local-233-c62 position-relative h-element\">\n                  <!---->\n                  <div class=\"h-heading__outer style-234 style-local-233-c62\">\n                    <!---->\n                    <!---->\n                    <h3 class=\"\">Vous avez un projet ? Discutons-en !<\/h3>\n                  <\/div>\n                <\/div>\n                <div data-colibri-id=\"233-c68\" class=\"h-text h-text-component style-240 style-local-233-c68 position-relative h-element\">\n                  <!---->\n                  <!---->\n                  <div class=\"\">\n                    <p>Pour tout projet, devis, rencontre pr\u00e9alable : pas d&rsquo;h\u00e9sitation \u00e0 avoir, j&rsquo;attends votre message.<\/p>\n                  <\/div>\n                <\/div>\n              <\/div>\n            <\/div>\n          <\/div>\n          <div class=\"h-column h-column-container d-flex h-col-lg-auto h-col-md-auto h-col-auto style-235-outer style-local-233-c63-outer\">\n            <div data-colibri-id=\"233-c63\" class=\"d-flex h-flex-basis h-column__inner h-px-lg-0 h-px-md-0 h-px-2 v-inner-lg-0 v-inner-md-0 v-inner-2 style-235 style-local-233-c63 position-relative\">\n              <!---->\n              <!---->\n              <div class=\"w-100 h-y-container h-column__content h-column__v-align flex-basis-100 align-self-lg-center align-self-md-center align-self-center\">\n                <!---->\n                <div data-colibri-id=\"233-c64\" class=\"h-x-container style-236 style-local-233-c64 position-relative h-element\">\n                  <!---->\n                  <div class=\"h-x-container-inner style-dynamic-233-c64-group style-236-spacing style-local-233-c64-spacing\"><span class=\"h-button__outer style-237-outer style-local-233-c65-outer d-inline-flex h-element\"><a h-use-smooth-scroll=\"true\" href=\"mailto:pierre.menet@hotmail.fr\"  data-colibri-id=\"233-c65\" class=\"d-flex w-100 align-items-center h-button justify-content-lg-center justify-content-md-center justify-content-center style-237 style-local-233-c65 position-relative\"><!----><!----> <span>Contacter Pierre<\/span><\/a>\n                    <\/span>\n                  <\/div>\n                <\/div>\n              <\/div>\n            <\/div>\n          <\/div>\n        <\/div>\n      <\/div>\n    <\/div>\n  <\/div>\n  <div data-colibri-component=\"section\" data-colibri-id=\"233-c20\" id=\"overlappable\" class=\"h-section h-section-global-spacing d-flex align-items-lg-center align-items-md-center align-items-center style-195 style-local-233-c20 position-relative\">\n    <!---->\n    <!---->\n    <div class=\"h-section-grid-container h-section-boxed-container\">\n      <!---->\n      <div data-colibri-id=\"233-c21\" class=\"h-row-container gutters-row-lg-0 gutters-row-md-0 gutters-row-2 gutters-row-v-lg-0 gutters-row-v-md-0 gutters-row-v-2 style-196 style-local-233-c21 position-relative\">\n        <!---->\n        <div class=\"h-row justify-content-lg-center justify-content-md-center justify-content-center align-items-lg-stretch align-items-md-stretch align-items-stretch gutters-col-lg-0 gutters-col-md-0 gutters-col-2 gutters-col-v-lg-0 gutters-col-v-md-0 gutters-col-v-2\">\n          <!---->\n          <div class=\"h-column h-column-container d-flex h-col-lg-3 h-col-md-3 h-col-12 style-197-outer style-local-233-c22-outer\">\n            <div data-colibri-id=\"233-c22\" class=\"d-flex h-flex-basis h-column__inner h-px-lg-3 h-px-md-3 h-px-2 v-inner-lg-3 v-inner-md-3 v-inner-2 style-197 style-local-233-c22 position-relative\">\n              <!---->\n              <!---->\n              <div class=\"w-100 h-y-container h-column__content h-column__v-align flex-basis-100 align-self-lg-start align-self-md-start align-self-start\">\n                <!---->\n                <div data-colibri-id=\"233-c23\" class=\"h-icon style-198 style-local-233-c23 position-relative h-element\">\n                  <!----><span class=\"h-svg-icon h-icon__icon style-198-icon style-local-233-c23-icon\"><!--Icon by Icons8 Line Awesome (https:\/\/icons8.com\/line-awesome)--><svg version=\"1.1\" xmlns=\"http:\/\/www.w3.org\/2000\/svg\" xmlns:xlink=\"http:\/\/www.w3.org\/1999\/xlink\" id=\"mobile\" viewBox=\"0 0 512 545.5\"><path d=\"M176 96h160c26.327 0 48 21.673 48 48v288c0 26.327-21.673 48-48 48H176c-26.327 0-48-21.673-48-48V144c0-26.327 21.673-48 48-48zm0 32c-8.873 0-16 7.127-16 16v288c0 8.873 7.127 16 16 16h160c8.873 0 16-7.127 16-16V144c0-8.873-7.127-16-16-16H176zm80 272c8.837 0 16 7.163 16 16s-7.163 16-16 16-16-7.163-16-16 7.163-16 16-16z\"><\/path><\/svg><\/span><\/div>\n                <div\n                  data-colibri-id=\"233-c24\" class=\"h-global-transition-all h-heading style-199 style-local-233-c24 position-relative h-element\">\n                  <!---->\n                  <div class=\"h-heading__outer style-199 style-local-233-c24\">\n                    <!---->\n                    <!---->\n                    <h5 class=\"\">Formats courts &amp; verticaux&nbsp; : r\u00e9seaux sociaux<\/h5>\n                  <\/div>\n              <\/div>\n              <div data-colibri-id=\"233-c25\" class=\"h-text h-text-component style-200 style-local-233-c25 position-relative h-element\">\n                <!---->\n                <!---->\n                <div class=\"\">\n                  <ul>\n                    <li>Vid\u00e9os dynamiques pour Instagram, TikTok, LinkedIn<\/li>\n                    <li>Formats verticaux pens\u00e9s pour le mobile<\/li>\n                    <li>Capsules de pr\u00e9sentation rapides et efficaces<\/li>\n                    <li>Id\u00e9al pour gagner en visibilit\u00e9 et communiquer r\u00e9guli\u00e8rement<\/li>\n                  <\/ul>\n                <\/div>\n              <\/div>\n            <\/div>\n          <\/div>\n        <\/div>\n        <div class=\"h-column h-column-container d-flex h-col-lg-3 h-col-md-3 h-col-12 style-203-outer style-local-233-c40-outer\">\n          <div data-colibri-id=\"233-c40\" class=\"d-flex h-flex-basis h-column__inner h-px-lg-3 h-px-md-3 h-px-3 v-inner-lg-3 v-inner-md-3 v-inner-3 style-203 style-local-233-c40 position-relative\">\n            <!---->\n            <!---->\n            <div class=\"w-100 h-y-container h-column__content h-column__v-align flex-basis-100 align-self-lg-start align-self-md-start align-self-start\">\n              <!---->\n              <div data-colibri-id=\"233-c41\" class=\"h-icon style-205 style-local-233-c41 position-relative h-element\">\n                <!----><span class=\"h-svg-icon h-icon__icon style-205-icon style-local-233-c41-icon\"><!--Icon by Font Awesome (https:\/\/fontawesome.com)-->\n    <svg version=\"1.1\" xmlns=\"http:\/\/www.w3.org\/2000\/svg\" xmlns:xlink=\"http:\/\/www.w3.org\/1999\/xlink\" id=\"film\" viewBox=\"0 0 1920 1896.0833\">\n      <path d=\"M384 1600v-128q0-26-19-45t-45-19H192q-26 0-45 19t-19 45v128q0 26 19 45t45 19h128q26 0 45-19t19-45zm0-384v-128q0-26-19-45t-45-19H192q-26 0-45 19t-19 45v128q0 26 19 45t45 19h128q26 0 45-19t19-45zm0-384V704q0-26-19-45t-45-19H192q-26 0-45 19t-19 45v128q0 26 19 45t45 19h128q26 0 45-19t19-45zm1024 768v-512q0-26-19-45t-45-19H576q-26 0-45 19t-19 45v512q0 26 19 45t45 19h768q26 0 45-19t19-45zM384 448V320q0-26-19-45t-45-19H192q-26 0-45 19t-19 45v128q0 26 19 45t45 19h128q26 0 45-19t19-45zm1408 1152v-128q0-26-19-45t-45-19h-128q-26 0-45 19t-19 45v128q0 26 19 45t45 19h128q26 0 45-19t19-45zm-384-768V320q0-26-19-45t-45-19H576q-26 0-45 19t-19 45v512q0 26 19 45t45 19h768q26 0 45-19t19-45zm384 384v-128q0-26-19-45t-45-19h-128q-26 0-45 19t-19 45v128q0 26 19 45t45 19h128q26 0 45-19t19-45zm0-384V704q0-26-19-45t-45-19h-128q-26 0-45 19t-19 45v128q0 26 19 45t45 19h128q26 0 45-19t19-45zm0-384V320q0-26-19-45t-45-19h-128q-26 0-45 19t-19 45v128q0 26 19 45t45 19h128q26 0 45-19t19-45zm128-160v1344q0 66-47 113t-113 47H160q-66 0-113-47T0 1632V288q0-66 47-113t113-47h1600q66 0 113 47t47 113z\"><\/path>\n    <\/svg><\/span><\/div>\n              <div data-colibri-id=\"233-c45\" class=\"h-global-transition-all h-heading style-209 style-local-233-c45 position-relative h-element\">\n                <!---->\n                <div class=\"h-heading__outer style-209 style-local-233-c45\">\n                  <!---->\n                  <!---->\n                  <h5 class=\"\">Formats longs : pr\u00e9sentations &amp; reportages<\/h5>\n                <\/div>\n              <\/div>\n              <div data-colibri-id=\"233-c46\" class=\"h-text h-text-component style-210 style-local-233-c46 position-relative h-element\">\n                <!---->\n                <!---->\n                <div class=\"\">\n                  <ul>\n                    <li>Portraits, interviews, mini-reportages<\/li>\n                    <li>Suivi d\u2019\u00e9v\u00e9nements (festival, f\u00eate, exposition, etc)<\/li>\n                    <li>Formats plus immersifs pour raconter votre projet<\/li>\n                  <\/ul>\n                  <p>\n                    <br>\n                  <\/p>\n                <\/div>\n              <\/div>\n            <\/div>\n          <\/div>\n        <\/div>\n        <div class=\"h-column h-column-container d-flex h-col-lg-3 h-col-md-3 h-col-12 style-197-outer style-local-233-c28-outer\">\n          <div data-colibri-id=\"233-c28\" class=\"d-flex h-flex-basis h-column__inner h-px-lg-3 h-px-md-3 h-px-2 v-inner-lg-3 v-inner-md-3 v-inner-2 style-197 style-local-233-c28 position-relative\">\n            <!---->\n            <!---->\n            <div class=\"w-100 h-y-container h-column__content h-column__v-align flex-basis-100 align-self-lg-start align-self-md-start align-self-start\">\n              <!---->\n              <div data-colibri-id=\"233-c29\" class=\"h-icon style-198 style-local-233-c29 position-relative h-element\">\n                <!----><span class=\"h-svg-icon h-icon__icon style-198-icon style-local-233-c29-icon\"><!--Icon by Font Awesome (https:\/\/fontawesome.com)-->\n    <svg version=\"1.1\" xmlns=\"http:\/\/www.w3.org\/2000\/svg\" xmlns:xlink=\"http:\/\/www.w3.org\/1999\/xlink\" id=\"video-camera\" viewBox=\"0 0 1792 1896.0833\">\n      <path d=\"M1792 352v1088q0 42-39 59-13 5-25 5-27 0-45-19l-403-403v166q0 119-84.5 203.5T992 1536H288q-119 0-203.5-84.5T0 1248V544q0-119 84.5-203.5T288 256h704q119 0 203.5 84.5T1280 544v165l403-402q18-19 45-19 12 0 25 5 39 17 39 59z\"><\/path>\n    <\/svg><\/span><\/div>\n              <div data-colibri-id=\"233-c30\" class=\"h-global-transition-all h-heading style-199 style-local-233-c30 position-relative h-element\">\n                <!---->\n                <div class=\"h-heading__outer style-199 style-local-233-c30\">\n                  <!---->\n                  <!---->\n                  <h5 class=\"\">Vid\u00e9o d&rsquo;entreprises\n                    <br>et d&rsquo;artisans<\/h5>\n                <\/div>\n              <\/div>\n              <div data-colibri-id=\"233-c31\" class=\"h-text h-text-component style-200 style-local-233-c31 position-relative h-element\">\n                <!---->\n                <!---->\n                <div class=\"\">\n                  <ul>\n                    <li>Mise en lumi\u00e8re des savoir-faire et des m\u00e9tiers<\/li>\n                    <li>Mise en valeur de biens \u00e0 vendre ou \u00e0 louer<\/li>\n                    <li>Pr\u00e9sentation de lieux, bureaux, commerces<\/li>\n                    <li>Images claires, soign\u00e9es et attractives<\/li>\n                  <\/ul>\n                  <p>\n                    <br>\n                  <\/p>\n                <\/div>\n              <\/div>\n            <\/div>\n          <\/div>\n        <\/div>\n        <div class=\"h-column h-column-container d-flex h-col-lg-3 h-col-md-3 h-col-12 style-197-outer style-local-233-c34-outer\">\n          <div data-colibri-id=\"233-c34\" class=\"d-flex h-flex-basis h-column__inner h-px-lg-3 h-px-md-3 h-px-2 v-inner-lg-3 v-inner-md-3 v-inner-2 style-197 style-local-233-c34 position-relative\">\n            <!---->\n            <!---->\n            <div class=\"w-100 h-y-container h-column__content h-column__v-align flex-basis-100 align-self-lg-start align-self-md-start align-self-start\">\n              <!---->\n              <div data-colibri-id=\"233-c35\" class=\"h-icon style-198 style-local-233-c35 position-relative h-element\">\n                <!----><span class=\"h-svg-icon h-icon__icon style-198-icon style-local-233-c35-icon\"><!--Icon by Font Awesome (https:\/\/fontawesome.com)-->\n    <svg version=\"1.1\" xmlns=\"http:\/\/www.w3.org\/2000\/svg\" xmlns:xlink=\"http:\/\/www.w3.org\/1999\/xlink\" id=\"music\" viewBox=\"0 0 1536 1896.0833\">\n      <path d=\"M1536 224v1120q0 50-34 89t-86 60.5-103.5 32-96.5 10.5-96.5-10.5-103.5-32-86-60.5-34-89 34-89 86-60.5 103.5-32 96.5-10.5q105 0 192 39V654L640 891v709q0 50-34 89t-86 60.5-103.5 32T320 1792t-96.5-10.5-103.5-32-86-60.5-34-89 34-89 86-60.5 103.5-32T320 1408q105 0 192 39V480q0-31 19-56.5t49-35.5l832-256q12-4 28-4 40 0 68 28t28 68z\"><\/path>\n    <\/svg><\/span><\/div>\n              <div data-colibri-id=\"233-c36\" class=\"h-global-transition-all h-heading style-199 style-local-233-c36 position-relative h-element\">\n                <!---->\n                <div class=\"h-heading__outer style-199 style-local-233-c36\">\n                  <!---->\n                  <!---->\n                  <h5 class=\"\">\u00e9v\u00e9nements &amp; prestations techniques<\/h5>\n                <\/div>\n              <\/div>\n              <div data-colibri-id=\"233-c37\" class=\"h-text h-text-component style-200 style-local-233-c37 position-relative h-element\">\n                <!---->\n                <!---->\n                <div class=\"\">\n                  <ul>\n                    <li>Captation de concerts, conf\u00e9rences, festivals<\/li>\n                    <li>Montage vid\u00e9o &amp; mixage audio<\/li>\n                    <li>Accompagnement sur la diffusion si besoin<\/li>\n                  <\/ul>\n                  <p>\n                    <br>\n                  <\/p>\n                <\/div>\n              <\/div>\n            <\/div>\n          <\/div>\n        <\/div>\n      <\/div>\n    <\/div>\n  <\/div>\n<\/div>\n<\/div>","protected":false},"excerpt":{"rendered":"<p>Vous avez un projet ? Discutons-en ! Pour tout projet, devis, rencontre pr\u00e9alable [&hellip;]<\/p>\n","protected":false},"author":1,"featured_media":0,"parent":0,"menu_order":0,"comment_status":"closed","ping_status":"closed","template":"page-templates\/homepage.php","meta":{"footnotes":""},"class_list":["post-233","page","type-page","status-publish","hentry"],"yoast_head":"<!-- This site is optimized with the Yoast SEO plugin v27.2 - https:\/\/yoast.com\/product\/yoast-seo-wordpress\/ -->\n<title>Front Page - Pierre Menet<\/title>\n<meta name=\"robots\" content=\"index, follow, max-snippet:-1, max-image-preview:large, max-video-preview:-1\" \/>\n<link rel=\"canonical\" href=\"https:\/\/www.pierremenet.fr\/\" \/>\n<meta property=\"og:locale\" content=\"fr_FR\" \/>\n<meta property=\"og:type\" content=\"article\" \/>\n<meta property=\"og:title\" content=\"Front Page - Pierre Menet\" \/>\n<meta property=\"og:description\" content=\"Vous avez un projet ? Discutons-en ! Pour tout projet, devis, rencontre pr\u00e9alable [&hellip;]\" \/>\n<meta property=\"og:url\" content=\"https:\/\/www.pierremenet.fr\/\" \/>\n<meta property=\"og:site_name\" content=\"Pierre Menet\" \/>\n<meta property=\"article:modified_time\" content=\"2026-03-22T15:09:58+00:00\" \/>\n<meta name=\"twitter:card\" content=\"summary_large_image\" \/>\n<meta name=\"twitter:label1\" content=\"Dur\u00e9e de lecture estim\u00e9e\" \/>\n\t<meta name=\"twitter:data1\" content=\"1 minute\" \/>\n<script type=\"application\/ld+json\" class=\"yoast-schema-graph\">{\"@context\":\"https:\/\/schema.org\",\"@graph\":[{\"@type\":\"WebPage\",\"@id\":\"https:\/\/www.pierremenet.fr\/\",\"url\":\"https:\/\/www.pierremenet.fr\/\",\"name\":\"Front Page - Pierre Menet\",\"isPartOf\":{\"@id\":\"https:\/\/www.pierremenet.fr\/#website\"},\"datePublished\":\"2026-03-06T20:55:21+00:00\",\"dateModified\":\"2026-03-22T15:09:58+00:00\",\"breadcrumb\":{\"@id\":\"https:\/\/www.pierremenet.fr\/#breadcrumb\"},\"inLanguage\":\"fr-FR\",\"potentialAction\":[{\"@type\":\"ReadAction\",\"target\":[\"https:\/\/www.pierremenet.fr\/\"]}]},{\"@type\":\"BreadcrumbList\",\"@id\":\"https:\/\/www.pierremenet.fr\/#breadcrumb\",\"itemListElement\":[{\"@type\":\"ListItem\",\"position\":1,\"name\":\"Accueil\",\"item\":\"https:\/\/www.pierremenet.fr\/\"},{\"@type\":\"ListItem\",\"position\":2,\"name\":\"Front Page\"}]},{\"@type\":\"WebSite\",\"@id\":\"https:\/\/www.pierremenet.fr\/#website\",\"url\":\"https:\/\/www.pierremenet.fr\/\",\"name\":\"Pierre Menet\",\"description\":\"Vid\u00e9aste \u00e0 Lille\",\"publisher\":{\"@id\":\"https:\/\/www.pierremenet.fr\/#\/schema\/person\/8079d2947d51c70d972cca4ec1aff4d1\"},\"potentialAction\":[{\"@type\":\"SearchAction\",\"target\":{\"@type\":\"EntryPoint\",\"urlTemplate\":\"https:\/\/www.pierremenet.fr\/?s={search_term_string}\"},\"query-input\":{\"@type\":\"PropertyValueSpecification\",\"valueRequired\":true,\"valueName\":\"search_term_string\"}}],\"inLanguage\":\"fr-FR\"},{\"@type\":[\"Person\",\"Organization\"],\"@id\":\"https:\/\/www.pierremenet.fr\/#\/schema\/person\/8079d2947d51c70d972cca4ec1aff4d1\",\"name\":\"admin6046\",\"image\":{\"@type\":\"ImageObject\",\"inLanguage\":\"fr-FR\",\"@id\":\"https:\/\/www.pierremenet.fr\/wp-content\/uploads\/2025\/12\/cropped-xDSC_0474-Copie.jpg\",\"url\":\"https:\/\/www.pierremenet.fr\/wp-content\/uploads\/2025\/12\/cropped-xDSC_0474-Copie.jpg\",\"contentUrl\":\"https:\/\/www.pierremenet.fr\/wp-content\/uploads\/2025\/12\/cropped-xDSC_0474-Copie.jpg\",\"width\":1106,\"height\":907,\"caption\":\"admin6046\"},\"logo\":{\"@id\":\"https:\/\/www.pierremenet.fr\/wp-content\/uploads\/2025\/12\/cropped-xDSC_0474-Copie.jpg\"},\"sameAs\":[\"http:\/\/pierrqd.cluster121.hosting.ovh.net\"]}]}<\/script>\n<!-- \/ Yoast SEO plugin. -->","yoast_head_json":{"title":"Front Page - Pierre Menet","robots":{"index":"index","follow":"follow","max-snippet":"max-snippet:-1","max-image-preview":"max-image-preview:large","max-video-preview":"max-video-preview:-1"},"canonical":"https:\/\/www.pierremenet.fr\/","og_locale":"fr_FR","og_type":"article","og_title":"Front Page - Pierre Menet","og_description":"Vous avez un projet ? Discutons-en ! Pour tout projet, devis, rencontre pr\u00e9alable [&hellip;]","og_url":"https:\/\/www.pierremenet.fr\/","og_site_name":"Pierre Menet","article_modified_time":"2026-03-22T15:09:58+00:00","twitter_card":"summary_large_image","twitter_misc":{"Dur\u00e9e de lecture estim\u00e9e":"1 minute"},"schema":{"@context":"https:\/\/schema.org","@graph":[{"@type":"WebPage","@id":"https:\/\/www.pierremenet.fr\/","url":"https:\/\/www.pierremenet.fr\/","name":"Front Page - Pierre Menet","isPartOf":{"@id":"https:\/\/www.pierremenet.fr\/#website"},"datePublished":"2026-03-06T20:55:21+00:00","dateModified":"2026-03-22T15:09:58+00:00","breadcrumb":{"@id":"https:\/\/www.pierremenet.fr\/#breadcrumb"},"inLanguage":"fr-FR","potentialAction":[{"@type":"ReadAction","target":["https:\/\/www.pierremenet.fr\/"]}]},{"@type":"BreadcrumbList","@id":"https:\/\/www.pierremenet.fr\/#breadcrumb","itemListElement":[{"@type":"ListItem","position":1,"name":"Accueil","item":"https:\/\/www.pierremenet.fr\/"},{"@type":"ListItem","position":2,"name":"Front Page"}]},{"@type":"WebSite","@id":"https:\/\/www.pierremenet.fr\/#website","url":"https:\/\/www.pierremenet.fr\/","name":"Pierre Menet","description":"Vid\u00e9aste \u00e0 Lille","publisher":{"@id":"https:\/\/www.pierremenet.fr\/#\/schema\/person\/8079d2947d51c70d972cca4ec1aff4d1"},"potentialAction":[{"@type":"SearchAction","target":{"@type":"EntryPoint","urlTemplate":"https:\/\/www.pierremenet.fr\/?s={search_term_string}"},"query-input":{"@type":"PropertyValueSpecification","valueRequired":true,"valueName":"search_term_string"}}],"inLanguage":"fr-FR"},{"@type":["Person","Organization"],"@id":"https:\/\/www.pierremenet.fr\/#\/schema\/person\/8079d2947d51c70d972cca4ec1aff4d1","name":"admin6046","image":{"@type":"ImageObject","inLanguage":"fr-FR","@id":"https:\/\/www.pierremenet.fr\/wp-content\/uploads\/2025\/12\/cropped-xDSC_0474-Copie.jpg","url":"https:\/\/www.pierremenet.fr\/wp-content\/uploads\/2025\/12\/cropped-xDSC_0474-Copie.jpg","contentUrl":"https:\/\/www.pierremenet.fr\/wp-content\/uploads\/2025\/12\/cropped-xDSC_0474-Copie.jpg","width":1106,"height":907,"caption":"admin6046"},"logo":{"@id":"https:\/\/www.pierremenet.fr\/wp-content\/uploads\/2025\/12\/cropped-xDSC_0474-Copie.jpg"},"sameAs":["http:\/\/pierrqd.cluster121.hosting.ovh.net"]}]}},"_links":{"self":[{"href":"https:\/\/www.pierremenet.fr\/index.php\/wp-json\/wp\/v2\/pages\/233","targetHints":{"allow":["GET"]}}],"collection":[{"href":"https:\/\/www.pierremenet.fr\/index.php\/wp-json\/wp\/v2\/pages"}],"about":[{"href":"https:\/\/www.pierremenet.fr\/index.php\/wp-json\/wp\/v2\/types\/page"}],"author":[{"embeddable":true,"href":"https:\/\/www.pierremenet.fr\/index.php\/wp-json\/wp\/v2\/users\/1"}],"replies":[{"embeddable":true,"href":"https:\/\/www.pierremenet.fr\/index.php\/wp-json\/wp\/v2\/comments?post=233"}],"version-history":[{"count":8,"href":"https:\/\/www.pierremenet.fr\/index.php\/wp-json\/wp\/v2\/pages\/233\/revisions"}],"predecessor-version":[{"id":416,"href":"https:\/\/www.pierremenet.fr\/index.php\/wp-json\/wp\/v2\/pages\/233\/revisions\/416"}],"wp:attachment":[{"href":"https:\/\/www.pierremenet.fr\/index.php\/wp-json\/wp\/v2\/media?parent=233"}],"curies":[{"name":"wp","href":"https:\/\/api.w.org\/{rel}","templated":true}]}}